{"id":8,"date":"2025-05-28T12:31:48","date_gmt":"2025-05-28T17:31:48","guid":{"rendered":"https:\/\/somosbodegarte.com\/?page_id=8"},"modified":"2025-06-04T18:10:21","modified_gmt":"2025-06-04T23:10:21","slug":"inicio","status":"publish","type":"page","link":"https:\/\/somosbodegarte.com\/","title":{"rendered":"inicio"},"content":{"rendered":"\t\t<div data-elementor-type=\"wp-page\" data-elementor-id=\"8\" class=\"elementor elementor-8\" data-elementor-post-type=\"page\">\n\t\t\t\t<div class=\"elementor-element elementor-element-cc19941 e-con-full e-flex e-con e-parent\" data-id=\"cc19941\" data-element_type=\"container\" data-settings=\"{&quot;background_background&quot;:&quot;slideshow&quot;,&quot;background_slideshow_gallery&quot;:[{&quot;id&quot;:128,&quot;url&quot;:&quot;https:\\\/\\\/somosbodegarte.com\\\/wp-content\\\/uploads\\\/2025\\\/05\\\/tienda-bodegarte-venta-globos-velas-cortinas-banner-platos.jpg&quot;},{&quot;id&quot;:129,&quot;url&quot;:&quot;https:\\\/\\\/somosbodegarte.com\\\/wp-content\\\/uploads\\\/2025\\\/05\\\/de-todo-para-surtir-tu-negocio-fiesta-globos-velas-eventos.jpg&quot;},{&quot;id&quot;:130,&quot;url&quot;:&quot;https:\\\/\\\/somosbodegarte.com\\\/wp-content\\\/uploads\\\/2025\\\/05\\\/globos-velas-decoracion-venta-articulos-para-fiesta.jpg&quot;}],&quot;background_slideshow_slide_duration&quot;:1500,&quot;background_slideshow_lazyload&quot;:&quot;yes&quot;,&quot;background_slideshow_ken_burns&quot;:&quot;yes&quot;,&quot;background_slideshow_loop&quot;:&quot;yes&quot;,&quot;background_slideshow_slide_transition&quot;:&quot;fade&quot;,&quot;background_slideshow_transition_duration&quot;:500,&quot;background_slideshow_ken_burns_zoom_direction&quot;:&quot;in&quot;}\">\n\t\t<div class=\"elementor-element elementor-element-1fee5612 e-con-full e-flex e-con e-child\" data-id=\"1fee5612\" data-element_type=\"container\">\n\t\t<div class=\"elementor-element elementor-element-77ec4d48 e-con-full e-flex e-con e-child\" data-id=\"77ec4d48\" data-element_type=\"container\">\n\t\t\t\t<div class=\"elementor-element elementor-element-9a6f323 elementor-widget elementor-widget-theme-site-logo elementor-widget-image\" data-id=\"9a6f323\" data-element_type=\"widget\" data-widget_type=\"theme-site-logo.default\">\n\t\t\t\t<div class=\"elementor-widget-container\">\n\t\t\t\t\t\t\t\t\t\t\t<a href=\"https:\/\/somosbodegarte.com\">\n\t\t\t<img fetchpriority=\"high\" decoding=\"async\" width=\"1266\" height=\"1281\" src=\"https:\/\/somosbodegarte.com\/wp-content\/uploads\/2025\/05\/logo-bodegarte.png\" class=\"attachment-full size-full wp-image-120\" alt=\"\" srcset=\"https:\/\/somosbodegarte.com\/wp-content\/uploads\/2025\/05\/logo-bodegarte.png 1266w, https:\/\/somosbodegarte.com\/wp-content\/uploads\/2025\/05\/logo-bodegarte-296x300.png 296w, https:\/\/somosbodegarte.com\/wp-content\/uploads\/2025\/05\/logo-bodegarte-1012x1024.png 1012w, https:\/\/somosbodegarte.com\/wp-content\/uploads\/2025\/05\/logo-bodegarte-768x777.png 768w, https:\/\/somosbodegarte.com\/wp-content\/uploads\/2025\/05\/logo-bodegarte-200x202.png 200w\" sizes=\"(max-width: 1266px) 100vw, 1266px\" \/>\t\t\t\t<\/a>\n\t\t\t\t\t\t\t\t\t\t\t<\/div>\n\t\t\t\t<\/div>\n\t\t\t\t<\/div>\n\t\t<div class=\"elementor-element elementor-element-4bc63bb9 e-con-full e-flex e-con e-child\" data-id=\"4bc63bb9\" data-element_type=\"container\" data-settings=\"{&quot;background_background&quot;:&quot;classic&quot;}\">\n\t\t<div class=\"elementor-element elementor-element-15b340f4 e-con-full e-flex e-con e-child\" data-id=\"15b340f4\" data-element_type=\"container\">\n\t\t<div class=\"elementor-element elementor-element-381a3fa e-con-full e-flex e-con e-child\" data-id=\"381a3fa\" data-element_type=\"container\">\n\t\t\t\t<div class=\"elementor-element elementor-element-1879c2b elementor-position-top elementor-widget elementor-widget-image-box\" data-id=\"1879c2b\" data-element_type=\"widget\" data-widget_type=\"image-box.default\">\n\t\t\t\t<div class=\"elementor-widget-container\">\n\t\t\t\t\t<div class=\"elementor-image-box-wrapper\"><figure class=\"elementor-image-box-img\"><a href=\"#\" tabindex=\"-1\"><img decoding=\"async\" width=\"300\" height=\"300\" src=\"https:\/\/somosbodegarte.com\/wp-content\/uploads\/2025\/06\/\u2014Pngtree\u2014valentines-day-pink-heart-balloon_7128931-300x300.png\" class=\"attachment-medium size-medium wp-image-145\" alt=\"\" srcset=\"https:\/\/somosbodegarte.com\/wp-content\/uploads\/2025\/06\/\u2014Pngtree\u2014valentines-day-pink-heart-balloon_7128931-300x300.png 300w, https:\/\/somosbodegarte.com\/wp-content\/uploads\/2025\/06\/\u2014Pngtree\u2014valentines-day-pink-heart-balloon_7128931-1024x1024.png 1024w, https:\/\/somosbodegarte.com\/wp-content\/uploads\/2025\/06\/\u2014Pngtree\u2014valentines-day-pink-heart-balloon_7128931-150x150.png 150w, https:\/\/somosbodegarte.com\/wp-content\/uploads\/2025\/06\/\u2014Pngtree\u2014valentines-day-pink-heart-balloon_7128931-768x768.png 768w, https:\/\/somosbodegarte.com\/wp-content\/uploads\/2025\/06\/\u2014Pngtree\u2014valentines-day-pink-heart-balloon_7128931-200x200.png 200w, https:\/\/somosbodegarte.com\/wp-content\/uploads\/2025\/06\/\u2014Pngtree\u2014valentines-day-pink-heart-balloon_7128931.png 1200w\" sizes=\"(max-width: 300px) 100vw, 300px\" \/><\/a><\/figure><div class=\"elementor-image-box-content\"><h3 class=\"elementor-image-box-title\"><a href=\"#\">Env\u00edos a Todo<br>Colombia<\/a><\/h3><\/div><\/div>\t\t\t\t<\/div>\n\t\t\t\t<\/div>\n\t\t\t\t<\/div>\n\t\t<div class=\"elementor-element elementor-element-2aca92c e-con-full e-flex e-con e-child\" data-id=\"2aca92c\" data-element_type=\"container\">\n\t\t\t\t<div class=\"elementor-element elementor-element-5acbc55 elementor-position-top elementor-widget elementor-widget-image-box\" data-id=\"5acbc55\" data-element_type=\"widget\" data-widget_type=\"image-box.default\">\n\t\t\t\t<div class=\"elementor-widget-container\">\n\t\t\t\t\t<div class=\"elementor-image-box-wrapper\"><figure class=\"elementor-image-box-img\"><a href=\"https:\/\/drive.google.com\/file\/d\/1EjlihwCJKuDjiroruylH1v1NsSECNnqr\/view\" tabindex=\"-1\"><img decoding=\"async\" width=\"300\" height=\"300\" src=\"https:\/\/somosbodegarte.com\/wp-content\/uploads\/2025\/06\/Catalogo-fiesta-venta-bodegarte-300x300.png\" class=\"attachment-medium size-medium wp-image-146\" alt=\"\" srcset=\"https:\/\/somosbodegarte.com\/wp-content\/uploads\/2025\/06\/Catalogo-fiesta-venta-bodegarte-300x300.png 300w, https:\/\/somosbodegarte.com\/wp-content\/uploads\/2025\/06\/Catalogo-fiesta-venta-bodegarte-150x150.png 150w, https:\/\/somosbodegarte.com\/wp-content\/uploads\/2025\/06\/Catalogo-fiesta-venta-bodegarte-200x200.png 200w, https:\/\/somosbodegarte.com\/wp-content\/uploads\/2025\/06\/Catalogo-fiesta-venta-bodegarte.png 589w\" sizes=\"(max-width: 300px) 100vw, 300px\" \/><\/a><\/figure><div class=\"elementor-image-box-content\"><h3 class=\"elementor-image-box-title\"><a href=\"https:\/\/drive.google.com\/file\/d\/1EjlihwCJKuDjiroruylH1v1NsSECNnqr\/view\">Descargar<br>Cat\u00e1logo<\/a><\/h3><\/div><\/div>\t\t\t\t<\/div>\n\t\t\t\t<\/div>\n\t\t\t\t<\/div>\n\t\t\t\t<\/div>\n\t\t<div class=\"elementor-element elementor-element-62deea73 e-con-full e-flex e-con e-child\" data-id=\"62deea73\" data-element_type=\"container\">\n\t\t<div class=\"elementor-element elementor-element-23317a38 e-con-full e-flex e-con e-child\" data-id=\"23317a38\" data-element_type=\"container\">\n\t\t<div class=\"elementor-element elementor-element-5f4c87f9 e-con-full e-flex e-con e-child\" data-id=\"5f4c87f9\" data-element_type=\"container\">\n\t\t\t\t<div class=\"elementor-element elementor-element-31dded8 elementor-position-top elementor-widget elementor-widget-image-box\" data-id=\"31dded8\" data-element_type=\"widget\" data-widget_type=\"image-box.default\">\n\t\t\t\t<div class=\"elementor-widget-container\">\n\t\t\t\t\t<div class=\"elementor-image-box-wrapper\"><figure class=\"elementor-image-box-img\"><a href=\"https:\/\/linktr.ee\/bodegarte.oficial\" tabindex=\"-1\"><img loading=\"lazy\" decoding=\"async\" width=\"300\" height=\"300\" src=\"https:\/\/somosbodegarte.com\/wp-content\/uploads\/2025\/06\/moneda-globos-venta-300x300.png\" class=\"attachment-medium size-medium wp-image-147\" alt=\"\" srcset=\"https:\/\/somosbodegarte.com\/wp-content\/uploads\/2025\/06\/moneda-globos-venta-300x300.png 300w, https:\/\/somosbodegarte.com\/wp-content\/uploads\/2025\/06\/moneda-globos-venta-150x150.png 150w, https:\/\/somosbodegarte.com\/wp-content\/uploads\/2025\/06\/moneda-globos-venta-200x200.png 200w, https:\/\/somosbodegarte.com\/wp-content\/uploads\/2025\/06\/moneda-globos-venta.png 589w\" sizes=\"(max-width: 300px) 100vw, 300px\" \/><\/a><\/figure><div class=\"elementor-image-box-content\"><h3 class=\"elementor-image-box-title\"><a href=\"https:\/\/linktr.ee\/bodegarte.oficial\">Redes<br>Sociales<\/a><\/h3><\/div><\/div>\t\t\t\t<\/div>\n\t\t\t\t<\/div>\n\t\t\t\t<\/div>\n\t\t\t\t<\/div>\n\t\t<div class=\"elementor-element elementor-element-f9d3b59 e-con-full e-flex e-con e-child\" data-id=\"f9d3b59\" data-element_type=\"container\">\n\t\t<div class=\"elementor-element elementor-element-d2a9b67 e-con-full e-flex e-con e-child\" data-id=\"d2a9b67\" data-element_type=\"container\">\n\t\t\t\t<div class=\"elementor-element elementor-element-ca911e3 elementor-position-top elementor-widget elementor-widget-image-box\" data-id=\"ca911e3\" data-element_type=\"widget\" data-widget_type=\"image-box.default\">\n\t\t\t\t<div class=\"elementor-widget-container\">\n\t\t\t\t\t<div class=\"elementor-image-box-wrapper\"><figure class=\"elementor-image-box-img\"><a href=\"https:\/\/bit.ly\/WhatsApp_Somos_Bodegarte\" tabindex=\"-1\"><img loading=\"lazy\" decoding=\"async\" width=\"300\" height=\"300\" src=\"https:\/\/somosbodegarte.com\/wp-content\/uploads\/2025\/06\/globo-whatsapp-bodegarte-colombia-300x300.png\" class=\"attachment-medium size-medium wp-image-148\" alt=\"\" srcset=\"https:\/\/somosbodegarte.com\/wp-content\/uploads\/2025\/06\/globo-whatsapp-bodegarte-colombia-300x300.png 300w, https:\/\/somosbodegarte.com\/wp-content\/uploads\/2025\/06\/globo-whatsapp-bodegarte-colombia-1024x1024.png 1024w, https:\/\/somosbodegarte.com\/wp-content\/uploads\/2025\/06\/globo-whatsapp-bodegarte-colombia-150x150.png 150w, https:\/\/somosbodegarte.com\/wp-content\/uploads\/2025\/06\/globo-whatsapp-bodegarte-colombia-768x768.png 768w, https:\/\/somosbodegarte.com\/wp-content\/uploads\/2025\/06\/globo-whatsapp-bodegarte-colombia-1536x1536.png 1536w, https:\/\/somosbodegarte.com\/wp-content\/uploads\/2025\/06\/globo-whatsapp-bodegarte-colombia-200x200.png 200w, https:\/\/somosbodegarte.com\/wp-content\/uploads\/2025\/06\/globo-whatsapp-bodegarte-colombia.png 2000w\" sizes=\"(max-width: 300px) 100vw, 300px\" \/><\/a><\/figure><div class=\"elementor-image-box-content\"><h3 class=\"elementor-image-box-title\"><a href=\"https:\/\/bit.ly\/WhatsApp_Somos_Bodegarte\">Cont\u00e1ctanos<br>WhatsApp<\/a><\/h3><\/div><\/div>\t\t\t\t<\/div>\n\t\t\t\t<\/div>\n\t\t\t\t<\/div>\n\t\t\t\t<\/div>\n\t\t\t\t<\/div>\n\t\t\t\t<\/div>\n\t\t\t\t<\/div>\n\t\t\t\t<\/div>\n\t\t\t\t<\/div>\n\t\t","protected":false},"excerpt":{"rendered":"<p>Env\u00edos a TodoColombia DescargarCat\u00e1logo RedesSociales Cont\u00e1ctanosWhatsApp<\/p>\n","protected":false},"author":1,"featured_media":0,"parent":0,"menu_order":0,"comment_status":"closed","ping_status":"closed","template":"elementor_canvas","meta":{"footnotes":""},"class_list":["post-8","page","type-page","status-publish","hentry"],"_links":{"self":[{"href":"https:\/\/somosbodegarte.com\/index.php\/wp-json\/wp\/v2\/pages\/8","targetHints":{"allow":["GET"]}}],"collection":[{"href":"https:\/\/somosbodegarte.com\/index.php\/wp-json\/wp\/v2\/pages"}],"about":[{"href":"https:\/\/somosbodegarte.com\/index.php\/wp-json\/wp\/v2\/types\/page"}],"author":[{"embeddable":true,"href":"https:\/\/somosbodegarte.com\/index.php\/wp-json\/wp\/v2\/users\/1"}],"replies":[{"embeddable":true,"href":"https:\/\/somosbodegarte.com\/index.php\/wp-json\/wp\/v2\/comments?post=8"}],"version-history":[{"count":145,"href":"https:\/\/somosbodegarte.com\/index.php\/wp-json\/wp\/v2\/pages\/8\/revisions"}],"predecessor-version":[{"id":197,"href":"https:\/\/somosbodegarte.com\/index.php\/wp-json\/wp\/v2\/pages\/8\/revisions\/197"}],"wp:attachment":[{"href":"https:\/\/somosbodegarte.com\/index.php\/wp-json\/wp\/v2\/media?parent=8"}],"curies":[{"name":"wp","href":"https:\/\/api.w.org\/{rel}","templated":true}]}}